{"id":2,"date":"2021-07-10T14:45:38","date_gmt":"2021-07-10T12:45:38","guid":{"rendered":"http:\/\/gammaox.cluster028.hosting.ovh.net\/pascal.weber\/?page_id=2"},"modified":"2021-09-13T22:11:55","modified_gmt":"2021-09-13T20:11:55","slug":"page-d-exemple","status":"publish","type":"page","link":"https:\/\/www.gammao.fr\/?page_id=2","title":{"rendered":"Notre Activit\u00e9"},"content":{"rendered":"\t\t<div data-elementor-type=\"wp-page\" data-elementor-id=\"2\" class=\"elementor elementor-2\">\n\t\t\t\t\t\t<section class=\"elementor-section elementor-top-section elementor-element elementor-element-f2fc0d6 elementor-section-boxed elementor-section-height-default elementor-section-height-default\" data-id=\"f2fc0d6\" data-element_type=\"section\">\n\t\t\t\t\t\t<div class=\"elementor-container elementor-column-gap-default\">\n\t\t\t\t\t<div class=\"elementor-column elementor-col-33 elementor-top-column elementor-element elementor-element-ce8459e\" data-id=\"ce8459e\" data-element_type=\"column\">\n\t\t\t<div class=\"elementor-widget-wrap elementor-element-populated\">\n\t\t\t\t\t\t<div class=\"elementor-element elementor-element-35f53f0 elementor-widget elementor-widget-image\" data-id=\"35f53f0\" data-element_type=\"widget\" data-widget_type=\"image.default\">\n\t\t\t\t<div class=\"elementor-widget-container\">\n\t\t\t\t\t\t\t\t\t\t\t\t\t\t\t<img fetchpriority=\"high\" decoding=\"async\" width=\"768\" height=\"687\" src=\"https:\/\/www.gammao.fr\/wp-content\/uploads\/2021\/09\/light-bulb-4514505_1920-test-1-768x687.jpg\" class=\"attachment-medium_large size-medium_large wp-image-555\" alt=\"\" srcset=\"https:\/\/www.gammao.fr\/wp-content\/uploads\/2021\/09\/light-bulb-4514505_1920-test-1-768x687.jpg 768w, https:\/\/www.gammao.fr\/wp-content\/uploads\/2021\/09\/light-bulb-4514505_1920-test-1-300x268.jpg 300w, https:\/\/www.gammao.fr\/wp-content\/uploads\/2021\/09\/light-bulb-4514505_1920-test-1-1024x916.jpg 1024w, https:\/\/www.gammao.fr\/wp-content\/uploads\/2021\/09\/light-bulb-4514505_1920-test-1.jpg 1198w\" sizes=\"(max-width: 768px) 100vw, 768px\" \/>\t\t\t\t\t\t\t\t\t\t\t\t\t\t\t<\/div>\n\t\t\t\t<\/div>\n\t\t\t\t\t<\/div>\n\t\t<\/div>\n\t\t\t\t<div class=\"elementor-column elementor-col-66 elementor-top-column elementor-element elementor-element-7fa8cc8\" data-id=\"7fa8cc8\" data-element_type=\"column\">\n\t\t\t<div class=\"elementor-widget-wrap elementor-element-populated\">\n\t\t\t\t\t\t<div class=\"elementor-element elementor-element-21ef98d elementor-widget elementor-widget-heading\" data-id=\"21ef98d\" data-element_type=\"widget\" data-widget_type=\"heading.default\">\n\t\t\t\t<div class=\"elementor-widget-container\">\n\t\t\t\t\t<h2 class=\"elementor-heading-title elementor-size-default\">La r\u00e9cup\u00e9ration d'\u00e9nergie <\/h2>\t\t\t\t<\/div>\n\t\t\t\t<\/div>\n\t\t\t\t<div class=\"elementor-element elementor-element-5a07684 elementor-widget elementor-widget-text-editor\" data-id=\"5a07684\" data-element_type=\"widget\" data-widget_type=\"text-editor.default\">\n\t\t\t\t<div class=\"elementor-widget-container\">\n\t\t\t\t\t\t\t\t\t<p>L&#8217;activit\u00e9 de GammaO est bas\u00e9e sur l&#8217;exploitation de technologies brevet\u00e9es \u00e0 la crois\u00e9e des domaines de l&#8217;\u00e9lectronique souple, de la r\u00e9cup\u00e9ration d&#8217;\u00e9nergie et du textile.<\/p><p>Ces nouvelles technologies permettent de voir aboutir de nombreux d\u00e9veloppements dans le domaine des textiles connect\u00e9s.<\/p>\t\t\t\t\t\t\t\t<\/div>\n\t\t\t\t<\/div>\n\t\t\t\t\t<\/div>\n\t\t<\/div>\n\t\t\t\t\t<\/div>\n\t\t<\/section>\n\t\t\t\t<section class=\"elementor-section elementor-top-section elementor-element elementor-element-0194647 elementor-section-boxed elementor-section-height-default elementor-section-height-default\" data-id=\"0194647\" data-element_type=\"section\">\n\t\t\t\t\t\t<div class=\"elementor-container elementor-column-gap-default\">\n\t\t\t\t\t<div class=\"elementor-column elementor-col-100 elementor-top-column elementor-element elementor-element-b711b28\" data-id=\"b711b28\" data-element_type=\"column\">\n\t\t\t<div class=\"elementor-widget-wrap elementor-element-populated\">\n\t\t\t\t\t\t<div class=\"elementor-element elementor-element-68f1b1b elementor-widget elementor-widget-spacer\" data-id=\"68f1b1b\" data-element_type=\"widget\" data-widget_type=\"spacer.default\">\n\t\t\t\t<div class=\"elementor-widget-container\">\n\t\t\t\t\t\t\t<div class=\"elementor-spacer\">\n\t\t\t<div class=\"elementor-spacer-inner\"><\/div>\n\t\t<\/div>\n\t\t\t\t\t\t<\/div>\n\t\t\t\t<\/div>\n\t\t\t\t\t<\/div>\n\t\t<\/div>\n\t\t\t\t\t<\/div>\n\t\t<\/section>\n\t\t\t\t<section class=\"elementor-section elementor-top-section elementor-element elementor-element-ef6874e elementor-section-boxed elementor-section-height-default elementor-section-height-default\" data-id=\"ef6874e\" data-element_type=\"section\">\n\t\t\t\t\t\t<div class=\"elementor-container elementor-column-gap-default\">\n\t\t\t\t\t<div class=\"elementor-column elementor-col-66 elementor-top-column elementor-element elementor-element-e4b4757\" data-id=\"e4b4757\" data-element_type=\"column\">\n\t\t\t<div class=\"elementor-widget-wrap elementor-element-populated\">\n\t\t\t\t\t\t<div class=\"elementor-element elementor-element-271a166 elementor-widget elementor-widget-heading\" data-id=\"271a166\" data-element_type=\"widget\" data-widget_type=\"heading.default\">\n\t\t\t\t<div class=\"elementor-widget-container\">\n\t\t\t\t\t<h2 class=\"elementor-heading-title elementor-size-default\">Les Equipements de Running<\/h2>\t\t\t\t<\/div>\n\t\t\t\t<\/div>\n\t\t\t\t<div class=\"elementor-element elementor-element-ddf6699 elementor-widget elementor-widget-text-editor\" data-id=\"ddf6699\" data-element_type=\"widget\" data-widget_type=\"text-editor.default\">\n\t\t\t\t<div class=\"elementor-widget-container\">\n\t\t\t\t\t\t\t\t\t<p>Les produits en d\u00e9veloppement chez GammaO sont \u00e0 destination de l&#8217;\u00e9quipement du coureur.<\/p><p>Suivez notre actualit\u00e9 pour plus d&#8217;informations prochainement !<\/p>\t\t\t\t\t\t\t\t<\/div>\n\t\t\t\t<\/div>\n\t\t\t\t\t<\/div>\n\t\t<\/div>\n\t\t\t\t<div class=\"elementor-column elementor-col-33 elementor-top-column elementor-element elementor-element-097cfa0\" data-id=\"097cfa0\" data-element_type=\"column\">\n\t\t\t<div class=\"elementor-widget-wrap elementor-element-populated\">\n\t\t\t\t\t\t<div class=\"elementor-element elementor-element-431cf15 elementor-widget elementor-widget-image\" data-id=\"431cf15\" data-element_type=\"widget\" data-widget_type=\"image.default\">\n\t\t\t\t<div class=\"elementor-widget-container\">\n\t\t\t\t\t\t\t\t\t\t\t\t\t\t\t<img decoding=\"async\" width=\"900\" height=\"642\" src=\"https:\/\/www.gammao.fr\/wp-content\/uploads\/2021\/09\/to-run-3684873-1024x731.jpg\" class=\"attachment-large size-large wp-image-169\" alt=\"\" srcset=\"https:\/\/www.gammao.fr\/wp-content\/uploads\/2021\/09\/to-run-3684873-1024x731.jpg 1024w, https:\/\/www.gammao.fr\/wp-content\/uploads\/2021\/09\/to-run-3684873-300x214.jpg 300w, https:\/\/www.gammao.fr\/wp-content\/uploads\/2021\/09\/to-run-3684873-768x549.jpg 768w, https:\/\/www.gammao.fr\/wp-content\/uploads\/2021\/09\/to-run-3684873-1536x1097.jpg 1536w, https:\/\/www.gammao.fr\/wp-content\/uploads\/2021\/09\/to-run-3684873-2048x1463.jpg 2048w, https:\/\/www.gammao.fr\/wp-content\/uploads\/2021\/09\/to-run-3684873-1800x1286.jpg 1800w\" sizes=\"(max-width: 900px) 100vw, 900px\" \/>\t\t\t\t\t\t\t\t\t\t\t\t\t\t\t<\/div>\n\t\t\t\t<\/div>\n\t\t\t\t\t<\/div>\n\t\t<\/div>\n\t\t\t\t\t<\/div>\n\t\t<\/section>\n\t\t\t\t<\/div>\n\t\t","protected":false},"excerpt":{"rendered":"<p>La r\u00e9cup\u00e9ration d&#8217;\u00e9nergie L&#8217;activit\u00e9 de GammaO est bas\u00e9e sur l&#8217;exploitation de technologies brevet\u00e9es \u00e0 la crois\u00e9e des domaines de l&#8217;\u00e9lectronique souple, de la r\u00e9cup\u00e9ration d&#8217;\u00e9nergie [&#8230;]<\/p>\n","protected":false},"author":1,"featured_media":0,"parent":0,"menu_order":0,"comment_status":"closed","ping_status":"open","template":"","meta":{"footnotes":""},"class_list":["post-2","page","type-page","status-publish","hentry"],"_links":{"self":[{"href":"https:\/\/www.gammao.fr\/index.php?rest_route=\/wp\/v2\/pages\/2","targetHints":{"allow":["GET"]}}],"collection":[{"href":"https:\/\/www.gammao.fr\/index.php?rest_route=\/wp\/v2\/pages"}],"about":[{"href":"https:\/\/www.gammao.fr\/index.php?rest_route=\/wp\/v2\/types\/page"}],"author":[{"embeddable":true,"href":"https:\/\/www.gammao.fr\/index.php?rest_route=\/wp\/v2\/users\/1"}],"replies":[{"embeddable":true,"href":"https:\/\/www.gammao.fr\/index.php?rest_route=%2Fwp%2Fv2%2Fcomments&post=2"}],"version-history":[{"count":22,"href":"https:\/\/www.gammao.fr\/index.php?rest_route=\/wp\/v2\/pages\/2\/revisions"}],"predecessor-version":[{"id":558,"href":"https:\/\/www.gammao.fr\/index.php?rest_route=\/wp\/v2\/pages\/2\/revisions\/558"}],"wp:attachment":[{"href":"https:\/\/www.gammao.fr\/index.php?rest_route=%2Fwp%2Fv2%2Fmedia&parent=2"}],"curies":[{"name":"wp","href":"https:\/\/api.w.org\/{rel}","templated":true}]}}