{"id":165,"date":"2021-09-07T22:39:16","date_gmt":"2021-09-07T20:39:16","guid":{"rendered":"https:\/\/gammaox.cluster028.hosting.ovh.net\/pascal.weber\/?page_id=165"},"modified":"2021-09-13T21:54:05","modified_gmt":"2021-09-13T19:54:05","slug":"nos-valeurs","status":"publish","type":"page","link":"https:\/\/www.gammao.fr\/?page_id=165","title":{"rendered":"Nos Valeurs"},"content":{"rendered":"\t\t<div data-elementor-type=\"wp-page\" data-elementor-id=\"165\" class=\"elementor elementor-165\">\n\t\t\t\t\t\t<section class=\"elementor-section elementor-top-section elementor-element elementor-element-26f9636 elementor-section-boxed elementor-section-height-default elementor-section-height-default\" data-id=\"26f9636\" data-element_type=\"section\">\n\t\t\t\t\t\t<div class=\"elementor-container elementor-column-gap-default\">\n\t\t\t\t\t<div class=\"elementor-column elementor-col-100 elementor-top-column elementor-element elementor-element-0498960\" data-id=\"0498960\" data-element_type=\"column\">\n\t\t\t<div class=\"elementor-widget-wrap elementor-element-populated\">\n\t\t\t\t\t\t<div class=\"elementor-element elementor-element-9b3cff7 elementor-widget elementor-widget-spacer\" data-id=\"9b3cff7\" data-element_type=\"widget\" data-widget_type=\"spacer.default\">\n\t\t\t\t<div class=\"elementor-widget-container\">\n\t\t\t\t\t\t\t<div class=\"elementor-spacer\">\n\t\t\t<div class=\"elementor-spacer-inner\"><\/div>\n\t\t<\/div>\n\t\t\t\t\t\t<\/div>\n\t\t\t\t<\/div>\n\t\t\t\t\t<\/div>\n\t\t<\/div>\n\t\t\t\t\t<\/div>\n\t\t<\/section>\n\t\t\t\t<section class=\"elementor-section elementor-top-section elementor-element elementor-element-da54a9f elementor-section-content-middle elementor-section-boxed elementor-section-height-default elementor-section-height-default\" data-id=\"da54a9f\" data-element_type=\"section\" data-settings=\"{&quot;animation&quot;:&quot;none&quot;}\">\n\t\t\t\t\t\t<div class=\"elementor-container elementor-column-gap-wide\">\n\t\t\t\t\t<div class=\"elementor-column elementor-col-66 elementor-top-column elementor-element elementor-element-a92ac3e\" data-id=\"a92ac3e\" data-element_type=\"column\" data-settings=\"{&quot;animation&quot;:&quot;none&quot;}\">\n\t\t\t<div class=\"elementor-widget-wrap elementor-element-populated\">\n\t\t\t\t\t\t<div class=\"elementor-element elementor-element-592fd78 elementor-widget elementor-widget-heading\" data-id=\"592fd78\" data-element_type=\"widget\" data-widget_type=\"heading.default\">\n\t\t\t\t<div class=\"elementor-widget-container\">\n\t\t\t\t\t<h2 class=\"elementor-heading-title elementor-size-default\">Innover<\/h2>\t\t\t\t<\/div>\n\t\t\t\t<\/div>\n\t\t\t\t<div class=\"elementor-element elementor-element-00885e6 elementor-widget elementor-widget-text-editor\" data-id=\"00885e6\" data-element_type=\"widget\" data-settings=\"{&quot;_animation&quot;:&quot;none&quot;}\" data-widget_type=\"text-editor.default\">\n\t\t\t\t<div class=\"elementor-widget-container\">\n\t\t\t\t\t\t\t\t\t<p>L&#8217;innovation est au coeur du projet GammaO.&nbsp;<span style=\"font-family: var( --e-global-typography-text-font-family ), Sans-serif; font-weight: var( --e-global-typography-text-font-weight ); font-size: 1.0625rem; background-color: var(--dynamico--page-background-color);\">Les produits d\u00e9velopp\u00e9s par GammaO exploitent des technologies brevet\u00e9s dans le domaine de l&#8217;\u00e9lectronique, de la r\u00e9cup\u00e9ration d&#8217;\u00e9nergie et du textile.<\/span><\/p>\t\t\t\t\t\t\t\t<\/div>\n\t\t\t\t<\/div>\n\t\t\t\t\t<\/div>\n\t\t<\/div>\n\t\t\t\t<div class=\"elementor-column elementor-col-33 elementor-top-column elementor-element elementor-element-9b33dbd\" data-id=\"9b33dbd\" data-element_type=\"column\">\n\t\t\t<div class=\"elementor-widget-wrap elementor-element-populated\">\n\t\t\t\t\t\t<div class=\"elementor-element elementor-element-d010ce9 elementor-widget elementor-widget-image\" data-id=\"d010ce9\" data-element_type=\"widget\" data-widget_type=\"image.default\">\n\t\t\t\t<div class=\"elementor-widget-container\">\n\t\t\t\t\t\t\t\t\t\t\t\t\t\t\t<img fetchpriority=\"high\" decoding=\"async\" width=\"900\" height=\"506\" src=\"https:\/\/www.gammao.fr\/wp-content\/uploads\/2021\/09\/illustration-4918012-1-1024x576.jpg\" class=\"attachment-large size-large wp-image-167\" alt=\"\" srcset=\"https:\/\/www.gammao.fr\/wp-content\/uploads\/2021\/09\/illustration-4918012-1-1024x576.jpg 1024w, https:\/\/www.gammao.fr\/wp-content\/uploads\/2021\/09\/illustration-4918012-1-300x169.jpg 300w, https:\/\/www.gammao.fr\/wp-content\/uploads\/2021\/09\/illustration-4918012-1-768x432.jpg 768w, https:\/\/www.gammao.fr\/wp-content\/uploads\/2021\/09\/illustration-4918012-1-1536x864.jpg 1536w, https:\/\/www.gammao.fr\/wp-content\/uploads\/2021\/09\/illustration-4918012-1-2048x1152.jpg 2048w, https:\/\/www.gammao.fr\/wp-content\/uploads\/2021\/09\/illustration-4918012-1-1800x1013.jpg 1800w, https:\/\/www.gammao.fr\/wp-content\/uploads\/2021\/09\/illustration-4918012-1-1840x1035.jpg 1840w\" sizes=\"(max-width: 900px) 100vw, 900px\" \/>\t\t\t\t\t\t\t\t\t\t\t\t\t\t\t<\/div>\n\t\t\t\t<\/div>\n\t\t\t\t\t<\/div>\n\t\t<\/div>\n\t\t\t\t\t<\/div>\n\t\t<\/section>\n\t\t\t\t<section class=\"elementor-section elementor-top-section elementor-element elementor-element-99cf488 elementor-section-boxed elementor-section-height-default elementor-section-height-default\" data-id=\"99cf488\" data-element_type=\"section\">\n\t\t\t\t\t\t<div class=\"elementor-container elementor-column-gap-default\">\n\t\t\t\t\t<div class=\"elementor-column elementor-col-100 elementor-top-column elementor-element elementor-element-12dda65\" data-id=\"12dda65\" data-element_type=\"column\">\n\t\t\t<div class=\"elementor-widget-wrap elementor-element-populated\">\n\t\t\t\t\t\t<div class=\"elementor-element elementor-element-716ea5f elementor-widget elementor-widget-spacer\" data-id=\"716ea5f\" data-element_type=\"widget\" data-widget_type=\"spacer.default\">\n\t\t\t\t<div class=\"elementor-widget-container\">\n\t\t\t\t\t\t\t<div class=\"elementor-spacer\">\n\t\t\t<div class=\"elementor-spacer-inner\"><\/div>\n\t\t<\/div>\n\t\t\t\t\t\t<\/div>\n\t\t\t\t<\/div>\n\t\t\t\t\t<\/div>\n\t\t<\/div>\n\t\t\t\t\t<\/div>\n\t\t<\/section>\n\t\t\t\t<section class=\"elementor-section elementor-top-section elementor-element elementor-element-85faf77 elementor-section-boxed elementor-section-height-default elementor-section-height-default\" data-id=\"85faf77\" data-element_type=\"section\">\n\t\t\t\t\t\t<div class=\"elementor-container elementor-column-gap-default\">\n\t\t\t\t\t<div class=\"elementor-column elementor-col-33 elementor-top-column elementor-element elementor-element-bc3fcd2\" data-id=\"bc3fcd2\" data-element_type=\"column\">\n\t\t\t<div class=\"elementor-widget-wrap elementor-element-populated\">\n\t\t\t\t\t\t<div class=\"elementor-element elementor-element-c7c0af2 elementor-widget elementor-widget-image\" data-id=\"c7c0af2\" data-element_type=\"widget\" data-widget_type=\"image.default\">\n\t\t\t\t<div class=\"elementor-widget-container\">\n\t\t\t\t\t\t\t\t\t\t\t\t\t\t\t<img decoding=\"async\" width=\"900\" height=\"600\" src=\"https:\/\/www.gammao.fr\/wp-content\/uploads\/2021\/09\/red-thread-5548304_1920-1024x683.jpg\" class=\"attachment-large size-large wp-image-216\" alt=\"\" srcset=\"https:\/\/www.gammao.fr\/wp-content\/uploads\/2021\/09\/red-thread-5548304_1920-1024x683.jpg 1024w, https:\/\/www.gammao.fr\/wp-content\/uploads\/2021\/09\/red-thread-5548304_1920-300x200.jpg 300w, https:\/\/www.gammao.fr\/wp-content\/uploads\/2021\/09\/red-thread-5548304_1920-768x512.jpg 768w, https:\/\/www.gammao.fr\/wp-content\/uploads\/2021\/09\/red-thread-5548304_1920-1536x1024.jpg 1536w, https:\/\/www.gammao.fr\/wp-content\/uploads\/2021\/09\/red-thread-5548304_1920-1800x1200.jpg 1800w, https:\/\/www.gammao.fr\/wp-content\/uploads\/2021\/09\/red-thread-5548304_1920.jpg 1920w\" sizes=\"(max-width: 900px) 100vw, 900px\" \/>\t\t\t\t\t\t\t\t\t\t\t\t\t\t\t<\/div>\n\t\t\t\t<\/div>\n\t\t\t\t\t<\/div>\n\t\t<\/div>\n\t\t\t\t<div class=\"elementor-column elementor-col-66 elementor-top-column elementor-element elementor-element-e96943a\" data-id=\"e96943a\" data-element_type=\"column\">\n\t\t\t<div class=\"elementor-widget-wrap elementor-element-populated\">\n\t\t\t\t\t\t<div class=\"elementor-element elementor-element-df6549b elementor-widget elementor-widget-heading\" data-id=\"df6549b\" data-element_type=\"widget\" data-widget_type=\"heading.default\">\n\t\t\t\t<div class=\"elementor-widget-container\">\n\t\t\t\t\t<h2 class=\"elementor-heading-title elementor-size-default\">Produire Localement<\/h2>\t\t\t\t<\/div>\n\t\t\t\t<\/div>\n\t\t\t\t<div class=\"elementor-element elementor-element-46a6d45 elementor-widget elementor-widget-text-editor\" data-id=\"46a6d45\" data-element_type=\"widget\" data-widget_type=\"text-editor.default\">\n\t\t\t\t<div class=\"elementor-widget-container\">\n\t\t\t\t\t\t\t\t\t<p><span style=\"font-family: var( --e-global-typography-text-font-family ), Sans-serif; font-weight: var( --e-global-typography-text-font-weight ); font-size: 1.0625rem; background-color: var(--dynamico--page-background-color);\">GammaO a fait le choix d&#8217;une production locale pour des partenariats durables.<\/span><\/p>\n<p>L&#8217;ensemble de nos partenaires industriels et acad\u00e9miques sont localis\u00e9s dans la r\u00e9gion Auvergnes Rh\u00f4ne-Alpes.\u00a0<\/p>\t\t\t\t\t\t\t\t<\/div>\n\t\t\t\t<\/div>\n\t\t\t\t\t<\/div>\n\t\t<\/div>\n\t\t\t\t\t<\/div>\n\t\t<\/section>\n\t\t\t\t<section class=\"elementor-section elementor-top-section elementor-element elementor-element-53e9892 elementor-section-boxed elementor-section-height-default elementor-section-height-default\" data-id=\"53e9892\" data-element_type=\"section\">\n\t\t\t\t\t\t<div class=\"elementor-container elementor-column-gap-default\">\n\t\t\t\t\t<div class=\"elementor-column elementor-col-100 elementor-top-column elementor-element elementor-element-78bcfac\" data-id=\"78bcfac\" data-element_type=\"column\">\n\t\t\t<div class=\"elementor-widget-wrap elementor-element-populated\">\n\t\t\t\t\t\t<div class=\"elementor-element elementor-element-a378d91 elementor-widget elementor-widget-spacer\" data-id=\"a378d91\" data-element_type=\"widget\" data-widget_type=\"spacer.default\">\n\t\t\t\t<div class=\"elementor-widget-container\">\n\t\t\t\t\t\t\t<div class=\"elementor-spacer\">\n\t\t\t<div class=\"elementor-spacer-inner\"><\/div>\n\t\t<\/div>\n\t\t\t\t\t\t<\/div>\n\t\t\t\t<\/div>\n\t\t\t\t\t<\/div>\n\t\t<\/div>\n\t\t\t\t\t<\/div>\n\t\t<\/section>\n\t\t\t\t<section class=\"elementor-section elementor-top-section elementor-element elementor-element-cc5aeb8 elementor-section-boxed elementor-section-height-default elementor-section-height-default\" data-id=\"cc5aeb8\" data-element_type=\"section\" data-settings=\"{&quot;animation&quot;:&quot;none&quot;}\">\n\t\t\t\t\t\t<div class=\"elementor-container elementor-column-gap-default\">\n\t\t\t\t\t<div class=\"elementor-column elementor-col-66 elementor-top-column elementor-element elementor-element-80ad263\" data-id=\"80ad263\" data-element_type=\"column\">\n\t\t\t<div class=\"elementor-widget-wrap elementor-element-populated\">\n\t\t\t\t\t\t<div class=\"elementor-element elementor-element-5fd86f9 elementor-widget elementor-widget-heading\" data-id=\"5fd86f9\" data-element_type=\"widget\" data-widget_type=\"heading.default\">\n\t\t\t\t<div class=\"elementor-widget-container\">\n\t\t\t\t\t<h2 class=\"elementor-heading-title elementor-size-default\">Produire Eco-Responsable<\/h2>\t\t\t\t<\/div>\n\t\t\t\t<\/div>\n\t\t\t\t<div class=\"elementor-element elementor-element-4d5e76c elementor-widget elementor-widget-text-editor\" data-id=\"4d5e76c\" data-element_type=\"widget\" data-widget_type=\"text-editor.default\">\n\t\t\t\t<div class=\"elementor-widget-container\">\n\t\t\t\t\t\t\t\t\t<p>GammaO vous proposent des produits con\u00e7us dans le but de limiter leurs impacts environnementales et d&#8217;assurer leur recyclabilit\u00e9 .<\/p>\t\t\t\t\t\t\t\t<\/div>\n\t\t\t\t<\/div>\n\t\t\t\t\t<\/div>\n\t\t<\/div>\n\t\t\t\t<div class=\"elementor-column elementor-col-33 elementor-top-column elementor-element elementor-element-57be903\" data-id=\"57be903\" data-element_type=\"column\">\n\t\t\t<div class=\"elementor-widget-wrap elementor-element-populated\">\n\t\t\t\t\t\t<div class=\"elementor-element elementor-element-6e1d216 elementor-widget elementor-widget-image\" data-id=\"6e1d216\" data-element_type=\"widget\" data-widget_type=\"image.default\">\n\t\t\t\t<div class=\"elementor-widget-container\">\n\t\t\t\t\t\t\t\t\t\t\t\t\t\t\t<img decoding=\"async\" width=\"900\" height=\"599\" src=\"https:\/\/www.gammao.fr\/wp-content\/uploads\/2021\/09\/trees-3822149_1920-1024x682.jpg\" class=\"attachment-large size-large wp-image-204\" alt=\"\" srcset=\"https:\/\/www.gammao.fr\/wp-content\/uploads\/2021\/09\/trees-3822149_1920-1024x682.jpg 1024w, https:\/\/www.gammao.fr\/wp-content\/uploads\/2021\/09\/trees-3822149_1920-300x200.jpg 300w, https:\/\/www.gammao.fr\/wp-content\/uploads\/2021\/09\/trees-3822149_1920-768x511.jpg 768w, https:\/\/www.gammao.fr\/wp-content\/uploads\/2021\/09\/trees-3822149_1920-1536x1022.jpg 1536w, https:\/\/www.gammao.fr\/wp-content\/uploads\/2021\/09\/trees-3822149_1920-1800x1198.jpg 1800w, https:\/\/www.gammao.fr\/wp-content\/uploads\/2021\/09\/trees-3822149_1920.jpg 1920w\" sizes=\"(max-width: 900px) 100vw, 900px\" \/>\t\t\t\t\t\t\t\t\t\t\t\t\t\t\t<\/div>\n\t\t\t\t<\/div>\n\t\t\t\t\t<\/div>\n\t\t<\/div>\n\t\t\t\t\t<\/div>\n\t\t<\/section>\n\t\t\t\t<\/div>\n\t\t","protected":false},"excerpt":{"rendered":"<p>Innover L&#8217;innovation est au coeur du projet GammaO.&nbsp;Les produits d\u00e9velopp\u00e9s par GammaO exploitent des technologies brevet\u00e9s dans le domaine de l&#8217;\u00e9lectronique, de la r\u00e9cup\u00e9ration d&#8217;\u00e9nergie [&#8230;]<\/p>\n","protected":false},"author":1,"featured_media":0,"parent":0,"menu_order":0,"comment_status":"closed","ping_status":"closed","template":"","meta":{"footnotes":""},"class_list":["post-165","page","type-page","status-publish","hentry"],"_links":{"self":[{"href":"https:\/\/www.gammao.fr\/index.php?rest_route=\/wp\/v2\/pages\/165","targetHints":{"allow":["GET"]}}],"collection":[{"href":"https:\/\/www.gammao.fr\/index.php?rest_route=\/wp\/v2\/pages"}],"about":[{"href":"https:\/\/www.gammao.fr\/index.php?rest_route=\/wp\/v2\/types\/page"}],"author":[{"embeddable":true,"href":"https:\/\/www.gammao.fr\/index.php?rest_route=\/wp\/v2\/users\/1"}],"replies":[{"embeddable":true,"href":"https:\/\/www.gammao.fr\/index.php?rest_route=%2Fwp%2Fv2%2Fcomments&post=165"}],"version-history":[{"count":58,"href":"https:\/\/www.gammao.fr\/index.php?rest_route=\/wp\/v2\/pages\/165\/revisions"}],"predecessor-version":[{"id":538,"href":"https:\/\/www.gammao.fr\/index.php?rest_route=\/wp\/v2\/pages\/165\/revisions\/538"}],"wp:attachment":[{"href":"https:\/\/www.gammao.fr\/index.php?rest_route=%2Fwp%2Fv2%2Fmedia&parent=165"}],"curies":[{"name":"wp","href":"https:\/\/api.w.org\/{rel}","templated":true}]}}