{"id":153,"date":"2021-09-07T21:16:00","date_gmt":"2021-09-07T19:16:00","guid":{"rendered":"https:\/\/gammaox.cluster028.hosting.ovh.net\/pascal.weber\/?page_id=153"},"modified":"2024-06-19T15:15:10","modified_gmt":"2024-06-19T13:15:10","slug":"qui-sommes-nous","status":"publish","type":"page","link":"https:\/\/www.gammao.fr\/?page_id=153","title":{"rendered":"Qui sommes nous ?"},"content":{"rendered":"\t\t<div data-elementor-type=\"wp-page\" data-elementor-id=\"153\" class=\"elementor elementor-153\">\n\t\t\t\t\t\t<section class=\"elementor-section elementor-top-section elementor-element elementor-element-0dc71ae elementor-section-boxed elementor-section-height-default elementor-section-height-default\" data-id=\"0dc71ae\" data-element_type=\"section\" data-settings=\"{&quot;background_background&quot;:&quot;slideshow&quot;,&quot;background_slideshow_gallery&quot;:[{&quot;id&quot;:522,&quot;url&quot;:&quot;https:\\\/\\\/www.gammao.fr\\\/wp-content\\\/uploads\\\/2021\\\/09\\\/star-5031540-test-scaled.jpg&quot;}],&quot;background_slideshow_loop&quot;:&quot;yes&quot;,&quot;background_slideshow_slide_duration&quot;:5000,&quot;background_slideshow_slide_transition&quot;:&quot;fade&quot;,&quot;background_slideshow_transition_duration&quot;:500}\">\n\t\t\t\t\t\t<div class=\"elementor-container elementor-column-gap-default\">\n\t\t\t\t\t<div class=\"elementor-column elementor-col-100 elementor-top-column elementor-element elementor-element-507893a\" data-id=\"507893a\" data-element_type=\"column\">\n\t\t\t<div class=\"elementor-widget-wrap elementor-element-populated\">\n\t\t\t\t\t\t<div class=\"elementor-element elementor-element-8813256 elementor-widget elementor-widget-heading\" data-id=\"8813256\" data-element_type=\"widget\" data-widget_type=\"heading.default\">\n\t\t\t\t<div class=\"elementor-widget-container\">\n\t\t\t\t\t<h2 class=\"elementor-heading-title elementor-size-default\">GammaO<\/h2>\t\t\t\t<\/div>\n\t\t\t\t<\/div>\n\t\t\t\t<div class=\"elementor-element elementor-element-f5a5ee2 elementor-widget elementor-widget-spacer\" data-id=\"f5a5ee2\" data-element_type=\"widget\" data-widget_type=\"spacer.default\">\n\t\t\t\t<div class=\"elementor-widget-container\">\n\t\t\t\t\t\t\t<div class=\"elementor-spacer\">\n\t\t\t<div class=\"elementor-spacer-inner\"><\/div>\n\t\t<\/div>\n\t\t\t\t\t\t<\/div>\n\t\t\t\t<\/div>\n\t\t\t\t<div class=\"elementor-element elementor-element-6651d47 elementor-widget elementor-widget-text-editor\" data-id=\"6651d47\" data-element_type=\"widget\" data-widget_type=\"text-editor.default\">\n\t\t\t\t<div class=\"elementor-widget-container\">\n\t\t\t\t\t\t\t\t\t<p>Le projet GammaO est n\u00e9 de la rencontre du monde du textile et de l&#8217;\u00e9lectronique, avec pour ambition d&#8217;apporter des solutions innovantes dans le domaine de la gestion de l&#8217;\u00e9nergie.<\/p><p>Le savoir-faire de GammaO concerne plus particuli\u00e8rement le domaine de la r\u00e9cup\u00e9ration d&#8217;\u00e9nergie ou &#8220;Energy Harvesting&#8221;. Le but de son application est de rendre autonome en \u00e9nergie les textiles connect\u00e9s.<\/p><p>Le domaine des smart textiles est en pleine expansion. Cette discipline vise \u00e0 int\u00e9grer des fonctionnalit\u00e9s \u00e9lectroniques au c\u0153ur des v\u00eatements, notamment concernant le suivi des donn\u00e9es physiologiques du porteur ou plus g\u00e9n\u00e9ralement l&#8217;int\u00e9gration de composants \u00e9lectroniques non passifs type LED, capteur de mouvements, capteur physiologique ou encore capteur GPS.<\/p><p>Cependant, il est n\u00e9cessaire d&#8217;avoir une alimentation \u00e9nerg\u00e9tique de ces syst\u00e8mes, le plus souvent par pile ou batterie, dans des modules rigides. Ces sources d&#8217;\u00e9nergie doivent \u00eatre chang\u00e9es ou charg\u00e9es r\u00e9guli\u00e8rement sous peine de rendre impossible l&#8217;utilisation des fonctions \u00e9lectroniques impl\u00e9ment\u00e9es dans le textile. Cela pose donc un probl\u00e8me majeur si l&#8217;acc\u00e8s \u00e0 un point de recharge est limit\u00e9, par exemple un coureur en cours d&#8217;exercice, mais \u00e9galement un probl\u00e8me \u00e9cologique si l&#8217;on a recours \u00e0 des piles non rechargeables.<\/p><p>Ainsi a \u00e9merg\u00e9 l&#8217;id\u00e9e d&#8217;appliquer les technologies d&#8217;Ernergy Harvesting au monde du textile afin de rendre autonome la nouvelle g\u00e9n\u00e9ration de textiles connect\u00e9s.<\/p><p>Aujourd&#8217;hui les d\u00e9veloppements de GammaO se mettent au service du monde du Running et du Trail.<\/p>\t\t\t\t\t\t\t\t<\/div>\n\t\t\t\t<\/div>\n\t\t\t\t\t<\/div>\n\t\t<\/div>\n\t\t\t\t\t<\/div>\n\t\t<\/section>\n\t\t\t\t<section class=\"elementor-section elementor-top-section elementor-element elementor-element-ef9ec31 elementor-section-boxed elementor-section-height-default elementor-section-height-default\" data-id=\"ef9ec31\" data-element_type=\"section\">\n\t\t\t\t\t\t<div class=\"elementor-container elementor-column-gap-default\">\n\t\t\t\t\t<div class=\"elementor-column elementor-col-100 elementor-top-column elementor-element elementor-element-046b4c0\" data-id=\"046b4c0\" data-element_type=\"column\">\n\t\t\t<div class=\"elementor-widget-wrap elementor-element-populated\">\n\t\t\t\t\t\t<div class=\"elementor-element elementor-element-231c9f9 elementor-widget-divider--view-line elementor-widget elementor-widget-divider\" data-id=\"231c9f9\" data-element_type=\"widget\" data-widget_type=\"divider.default\">\n\t\t\t\t<div class=\"elementor-widget-container\">\n\t\t\t\t\t\t\t<div class=\"elementor-divider\">\n\t\t\t<span class=\"elementor-divider-separator\">\n\t\t\t\t\t\t<\/span>\n\t\t<\/div>\n\t\t\t\t\t\t<\/div>\n\t\t\t\t<\/div>\n\t\t\t\t\t<\/div>\n\t\t<\/div>\n\t\t\t\t\t<\/div>\n\t\t<\/section>\n\t\t\t\t<section class=\"elementor-section elementor-top-section elementor-element elementor-element-0cc59f4 elementor-section-boxed elementor-section-height-default elementor-section-height-default\" data-id=\"0cc59f4\" data-element_type=\"section\" data-settings=\"{&quot;background_background&quot;:&quot;classic&quot;}\">\n\t\t\t\t\t\t<div class=\"elementor-container elementor-column-gap-default\">\n\t\t\t\t\t<div class=\"elementor-column elementor-col-50 elementor-top-column elementor-element elementor-element-c7da740\" data-id=\"c7da740\" data-element_type=\"column\">\n\t\t\t<div class=\"elementor-widget-wrap elementor-element-populated\">\n\t\t\t\t\t\t<div class=\"elementor-element elementor-element-4f38772 elementor-widget elementor-widget-heading\" data-id=\"4f38772\" data-element_type=\"widget\" data-widget_type=\"heading.default\">\n\t\t\t\t<div class=\"elementor-widget-container\">\n\t\t\t\t\t<h2 class=\"elementor-heading-title elementor-size-default\">Pascal WEBER<\/h2>\t\t\t\t<\/div>\n\t\t\t\t<\/div>\n\t\t\t\t<div class=\"elementor-element elementor-element-77295c0 elementor-widget elementor-widget-heading\" data-id=\"77295c0\" data-element_type=\"widget\" data-widget_type=\"heading.default\">\n\t\t\t\t<div class=\"elementor-widget-container\">\n\t\t\t\t\t<h2 class=\"elementor-heading-title elementor-size-default\">Fondateur de GammaO<\/h2>\t\t\t\t<\/div>\n\t\t\t\t<\/div>\n\t\t\t\t<div class=\"elementor-element elementor-element-d1d4fc9 elementor-widget elementor-widget-image\" data-id=\"d1d4fc9\" data-element_type=\"widget\" data-widget_type=\"image.default\">\n\t\t\t\t<div class=\"elementor-widget-container\">\n\t\t\t\t\t\t\t\t\t\t\t\t\t\t\t<img decoding=\"async\" width=\"150\" height=\"150\" src=\"https:\/\/www.gammao.fr\/wp-content\/uploads\/2021\/09\/Photo-CV-07-16-150x150.jpg\" class=\"attachment-thumbnail size-thumbnail wp-image-482\" alt=\"\" srcset=\"https:\/\/www.gammao.fr\/wp-content\/uploads\/2021\/09\/Photo-CV-07-16-150x150.jpg 150w, https:\/\/www.gammao.fr\/wp-content\/uploads\/2021\/09\/Photo-CV-07-16-900x900.jpg 900w\" sizes=\"(max-width: 150px) 100vw, 150px\" \/>\t\t\t\t\t\t\t\t\t\t\t\t\t\t\t<\/div>\n\t\t\t\t<\/div>\n\t\t\t\t\t<\/div>\n\t\t<\/div>\n\t\t\t\t<div class=\"elementor-column elementor-col-50 elementor-top-column elementor-element elementor-element-6d1a1dd\" data-id=\"6d1a1dd\" data-element_type=\"column\">\n\t\t\t<div class=\"elementor-widget-wrap elementor-element-populated\">\n\t\t\t\t\t\t<div class=\"elementor-element elementor-element-b4fbdee elementor-widget elementor-widget-text-editor\" data-id=\"b4fbdee\" data-element_type=\"widget\" data-widget_type=\"text-editor.default\">\n\t\t\t\t<div class=\"elementor-widget-container\">\n\t\t\t\t\t\t\t\t\t<p>Ing\u00e9nieur Textile, dipl\u00f4m\u00e9 de l&#8217;ITECH en 2000, j&#8217;ai tout d&#8217;abord commenc\u00e9 ma carri\u00e8re par plusieurs ann\u00e9es en bureau d&#8217;\u00e9tude.<\/p><p>J&#8217;ai ensuite \u00e9volu\u00e9 vers des responsabilit\u00e9s de direction industrielle de PME textile, assumant les r\u00f4les de directeur de production, qualit\u00e9 et recherche &amp; d\u00e9veloppement.<\/p><p>En 2018, j&#8217;oriente mes travaux de recherche vers le domaine des smart textile et de l&#8217;Energy Harvesting ce qui aboutira \u00e0 un d\u00e9p\u00f4t de brevet en 2019.<\/p><p>En 2020, j&#8217;ai suivi une formation en finance \u00e0 l&#8217;Ecole de Management de Lyon, me confortant dans mon projet d&#8217;entreprenariat.<\/p><p>L&#8217;association de mes comp\u00e9tences en textile, et de ma capacit\u00e9 d&#8217;innover, m&#8217;ont naturellement amen\u00e9 \u00e0 cr\u00e9er GammaO en 2021.\u00a0<\/p><p>\u00a0<\/p>\t\t\t\t\t\t\t\t<\/div>\n\t\t\t\t<\/div>\n\t\t\t\t\t<\/div>\n\t\t<\/div>\n\t\t\t\t\t<\/div>\n\t\t<\/section>\n\t\t\t\t<section class=\"elementor-section elementor-top-section elementor-element elementor-element-ef0b2c9 elementor-section-boxed elementor-section-height-default elementor-section-height-default\" data-id=\"ef0b2c9\" data-element_type=\"section\">\n\t\t\t\t\t\t<div class=\"elementor-container elementor-column-gap-default\">\n\t\t\t\t\t<div class=\"elementor-column elementor-col-100 elementor-top-column elementor-element elementor-element-8d360bf\" data-id=\"8d360bf\" data-element_type=\"column\">\n\t\t\t<div class=\"elementor-widget-wrap elementor-element-populated\">\n\t\t\t\t\t\t<div class=\"elementor-element elementor-element-ed476d1 elementor-widget-divider--view-line elementor-widget elementor-widget-divider\" data-id=\"ed476d1\" data-element_type=\"widget\" data-widget_type=\"divider.default\">\n\t\t\t\t<div class=\"elementor-widget-container\">\n\t\t\t\t\t\t\t<div class=\"elementor-divider\">\n\t\t\t<span class=\"elementor-divider-separator\">\n\t\t\t\t\t\t<\/span>\n\t\t<\/div>\n\t\t\t\t\t\t<\/div>\n\t\t\t\t<\/div>\n\t\t\t\t\t<\/div>\n\t\t<\/div>\n\t\t\t\t\t<\/div>\n\t\t<\/section>\n\t\t\t\t<section class=\"elementor-section elementor-top-section elementor-element elementor-element-2008010 elementor-section-boxed elementor-section-height-default elementor-section-height-default\" data-id=\"2008010\" data-element_type=\"section\">\n\t\t\t\t\t\t<div class=\"elementor-container elementor-column-gap-default\">\n\t\t\t\t\t<div class=\"elementor-column elementor-col-100 elementor-top-column elementor-element elementor-element-009066e\" data-id=\"009066e\" data-element_type=\"column\">\n\t\t\t<div class=\"elementor-widget-wrap elementor-element-populated\">\n\t\t\t\t\t\t<div class=\"elementor-element elementor-element-9df5697 elementor-widget elementor-widget-heading\" data-id=\"9df5697\" data-element_type=\"widget\" data-widget_type=\"heading.default\">\n\t\t\t\t<div class=\"elementor-widget-container\">\n\t\t\t\t\t<h2 class=\"elementor-heading-title elementor-size-default\">Nos Partenaires<\/h2>\t\t\t\t<\/div>\n\t\t\t\t<\/div>\n\t\t\t\t\t<\/div>\n\t\t<\/div>\n\t\t\t\t\t<\/div>\n\t\t<\/section>\n\t\t\t\t<section class=\"elementor-section elementor-top-section elementor-element elementor-element-4e75396 elementor-section-boxed elementor-section-height-default elementor-section-height-default\" data-id=\"4e75396\" data-element_type=\"section\">\n\t\t\t\t\t\t<div class=\"elementor-container elementor-column-gap-default\">\n\t\t\t\t\t<div class=\"elementor-column elementor-col-33 elementor-top-column elementor-element elementor-element-833bf21\" data-id=\"833bf21\" data-element_type=\"column\">\n\t\t\t<div class=\"elementor-widget-wrap elementor-element-populated\">\n\t\t\t\t\t\t<div class=\"elementor-element elementor-element-5b200e8 elementor-widget elementor-widget-image\" data-id=\"5b200e8\" data-element_type=\"widget\" data-widget_type=\"image.default\">\n\t\t\t\t<div class=\"elementor-widget-container\">\n\t\t\t\t\t\t\t\t\t\t\t\t\t\t\t\t<a href=\"https:\/\/geneo-incubateur.fr\/\" target=\"_blank\">\n\t\t\t\t\t\t\t<img decoding=\"async\" width=\"200\" height=\"47\" src=\"https:\/\/www.gammao.fr\/wp-content\/uploads\/2021\/09\/logo-geneo-incubateur-e1576150080104.png\" class=\"attachment-large size-large wp-image-297\" alt=\"\" \/>\t\t\t\t\t\t\t\t<\/a>\n\t\t\t\t\t\t\t\t\t\t\t\t\t\t\t<\/div>\n\t\t\t\t<\/div>\n\t\t\t\t\t<\/div>\n\t\t<\/div>\n\t\t\t\t<div class=\"elementor-column elementor-col-33 elementor-top-column elementor-element elementor-element-e5e61c5\" data-id=\"e5e61c5\" data-element_type=\"column\">\n\t\t\t<div class=\"elementor-widget-wrap elementor-element-populated\">\n\t\t\t\t\t\t<div class=\"elementor-element elementor-element-647a538 elementor-widget elementor-widget-image\" data-id=\"647a538\" data-element_type=\"widget\" data-widget_type=\"image.default\">\n\t\t\t\t<div class=\"elementor-widget-container\">\n\t\t\t\t\t\t\t\t\t\t\t\t\t\t\t\t<a href=\"http:\/\/www.itech.fr\/\" target=\"_blank\">\n\t\t\t\t\t\t\t<img fetchpriority=\"high\" decoding=\"async\" width=\"233\" height=\"300\" src=\"https:\/\/www.gammao.fr\/wp-content\/uploads\/2021\/09\/th-233x300.png\" class=\"attachment-medium size-medium wp-image-298\" alt=\"\" srcset=\"https:\/\/www.gammao.fr\/wp-content\/uploads\/2021\/09\/th-233x300.png 233w, https:\/\/www.gammao.fr\/wp-content\/uploads\/2021\/09\/th.png 280w\" sizes=\"(max-width: 233px) 100vw, 233px\" \/>\t\t\t\t\t\t\t\t<\/a>\n\t\t\t\t\t\t\t\t\t\t\t\t\t\t\t<\/div>\n\t\t\t\t<\/div>\n\t\t\t\t\t<\/div>\n\t\t<\/div>\n\t\t\t\t<div class=\"elementor-column elementor-col-33 elementor-top-column elementor-element elementor-element-fa06c13\" data-id=\"fa06c13\" data-element_type=\"column\">\n\t\t\t<div class=\"elementor-widget-wrap elementor-element-populated\">\n\t\t\t\t\t\t<div class=\"elementor-element elementor-element-f4cc359 elementor-widget elementor-widget-image\" data-id=\"f4cc359\" data-element_type=\"widget\" data-widget_type=\"image.default\">\n\t\t\t\t<div class=\"elementor-widget-container\">\n\t\t\t\t\t\t\t\t\t\t\t\t<figure class=\"wp-caption\">\n\t\t\t\t\t\t\t\t\t\t\t<a href=\"https:\/\/www.techtera.org\/\" target=\"_blank\">\n\t\t\t\t\t\t\t<img loading=\"lazy\" decoding=\"async\" width=\"768\" height=\"571\" src=\"https:\/\/www.gammao.fr\/wp-content\/uploads\/2024\/06\/Logo-Techtera-768x571.jpg\" class=\"attachment-medium_large size-medium_large wp-image-691\" alt=\"\" srcset=\"https:\/\/www.gammao.fr\/wp-content\/uploads\/2024\/06\/Logo-Techtera-768x571.jpg 768w, https:\/\/www.gammao.fr\/wp-content\/uploads\/2024\/06\/Logo-Techtera-300x223.jpg 300w, https:\/\/www.gammao.fr\/wp-content\/uploads\/2024\/06\/Logo-Techtera-1024x762.jpg 1024w, https:\/\/www.gammao.fr\/wp-content\/uploads\/2024\/06\/Logo-Techtera-1536x1143.jpg 1536w, https:\/\/www.gammao.fr\/wp-content\/uploads\/2024\/06\/Logo-Techtera.jpg 1566w\" sizes=\"(max-width: 768px) 100vw, 768px\" \/>\t\t\t\t\t\t\t\t<\/a>\n\t\t\t\t\t\t\t\t\t\t\t<figcaption class=\"widget-image-caption wp-caption-text\"><\/figcaption>\n\t\t\t\t\t\t\t\t\t\t<\/figure>\n\t\t\t\t\t\t\t\t\t<\/div>\n\t\t\t\t<\/div>\n\t\t\t\t\t<\/div>\n\t\t<\/div>\n\t\t\t\t\t<\/div>\n\t\t<\/section>\n\t\t\t\t<section class=\"elementor-section elementor-top-section elementor-element elementor-element-ef9f66e elementor-section-boxed elementor-section-height-default elementor-section-height-default\" data-id=\"ef9f66e\" data-element_type=\"section\">\n\t\t\t\t\t\t<div class=\"elementor-container elementor-column-gap-default\">\n\t\t\t\t\t<div class=\"elementor-column elementor-col-100 elementor-top-column elementor-element elementor-element-f78a26f\" data-id=\"f78a26f\" data-element_type=\"column\">\n\t\t\t<div class=\"elementor-widget-wrap elementor-element-populated\">\n\t\t\t\t\t\t<div class=\"elementor-element elementor-element-173e721 elementor-widget-divider--view-line elementor-widget elementor-widget-divider\" data-id=\"173e721\" data-element_type=\"widget\" data-widget_type=\"divider.default\">\n\t\t\t\t<div class=\"elementor-widget-container\">\n\t\t\t\t\t\t\t<div class=\"elementor-divider\">\n\t\t\t<span class=\"elementor-divider-separator\">\n\t\t\t\t\t\t<\/span>\n\t\t<\/div>\n\t\t\t\t\t\t<\/div>\n\t\t\t\t<\/div>\n\t\t\t\t\t<\/div>\n\t\t<\/div>\n\t\t\t\t\t<\/div>\n\t\t<\/section>\n\t\t\t\t<\/div>\n\t\t","protected":false},"excerpt":{"rendered":"<p>GammaO Le projet GammaO est n\u00e9 de la rencontre du monde du textile et de l&#8217;\u00e9lectronique, avec pour ambition d&#8217;apporter des solutions innovantes dans le [&#8230;]<\/p>\n","protected":false},"author":1,"featured_media":0,"parent":0,"menu_order":0,"comment_status":"closed","ping_status":"closed","template":"","meta":{"footnotes":""},"class_list":["post-153","page","type-page","status-publish","hentry"],"_links":{"self":[{"href":"https:\/\/www.gammao.fr\/index.php?rest_route=\/wp\/v2\/pages\/153","targetHints":{"allow":["GET"]}}],"collection":[{"href":"https:\/\/www.gammao.fr\/index.php?rest_route=\/wp\/v2\/pages"}],"about":[{"href":"https:\/\/www.gammao.fr\/index.php?rest_route=\/wp\/v2\/types\/page"}],"author":[{"embeddable":true,"href":"https:\/\/www.gammao.fr\/index.php?rest_route=\/wp\/v2\/users\/1"}],"replies":[{"embeddable":true,"href":"https:\/\/www.gammao.fr\/index.php?rest_route=%2Fwp%2Fv2%2Fcomments&post=153"}],"version-history":[{"count":129,"href":"https:\/\/www.gammao.fr\/index.php?rest_route=\/wp\/v2\/pages\/153\/revisions"}],"predecessor-version":[{"id":695,"href":"https:\/\/www.gammao.fr\/index.php?rest_route=\/wp\/v2\/pages\/153\/revisions\/695"}],"wp:attachment":[{"href":"https:\/\/www.gammao.fr\/index.php?rest_route=%2Fwp%2Fv2%2Fmedia&parent=153"}],"curies":[{"name":"wp","href":"https:\/\/api.w.org\/{rel}","templated":true}]}}